{"id":988245,"date":"2022-01-16T12:57:15","date_gmt":"2022-01-16T12:57:15","guid":{"rendered":"https:\/\/seg.si\/terms-conditions\/"},"modified":"2022-02-01T12:02:58","modified_gmt":"2022-02-01T12:02:58","slug":"terms-conditions","status":"publish","type":"page","link":"https:\/\/seg.si\/sl\/terms-conditions\/","title":{"rendered":"Splo\u0161ni pogoji poslovanja"},"content":{"rendered":"<div class=\"vgblk-rw-wrapper limit-wrapper\">\n<h2 class=\"wp-block-heading\">Splo\u0161ni pogoji uporabe spletnega mesta.<\/h2>\n\n<p>Uvod<\/p>\n\n<p><strong>Obiskovalec spletnega mesta z obiskom oziroma navigacijo po spletnem mestu, konkludentno pristaja na spo\u0161tovanje teh splo\u0161nih pogojev.<\/strong><\/p>\n\n<p><strong>Pred uporabo spletnega mesta je potrebno skrbno preberati te splo\u0161ne pogoje. V primeru morebitnih vpra\u0161anj, se lahko obrnete na naslov<\/strong> <strong>na\u0161e elektronske po\u0161te.<\/strong><\/p>\n\n<p><strong>\u010ce se s temi splo\u0161nimi pogoji ne strinjate, ste dol\u017eni nemudoma zapustiti to spletno mesto.<\/strong><\/p>\n\n<p>Te splo\u0161ni pogoji uporabe spletnega mesta urejajo dostop in uporabo navedenega spletnega mesta, ter dostop in uporabo vseh sorodnih domen in pod-domen, ki so z njo povezane, kakor tudi vseh vsebin, funkcionalnosti in storitev, ki se zagotavljajo na teh spletnih mestih ali prek njih, vklju\u010dno s katero koli razli\u010dico spletne storitve Robokrat (vpra\u0161alniki, interaktivne obrazci in druga spletna orodja) oziroma njeno preizkusno razli\u010dico, in uporabo katere koli druge spletne strani, aplikacije, izdelka, programske opreme ali storitve, povezane s tem spletnim mestom, v kolikor te niso urejene s svojimi posebnimi pogoji uporabe.<\/p>\n\n<p>Za prikazovanje in uporabo spletnega mesta boste morda morali imeti name\u0161\u010deno dolo\u010deno strojno in programsko opremo, za kar ste kot obiskovalec odgovorni sami.<\/p>\n\n<p><\/p>\n\n<h3 class=\"wp-block-heading\">O spletnem mestu.<\/h3>\n\n<p>Spletno mesto omogo\u010da obiskovalcu hitro in brezpla\u010dno seznanitev z njegovimi pravicami in dol\u017enosti v povezavi z njegovim pravnim vpra\u0161anjem oziroma polo\u017eajem.<\/p>\n\n<p>Na spletnem mestu so v ta namen objavljeni vpra\u0161alniki, interaktivne obrazci in druga spletna orodja, ki obiskovalcu nudijo informativne odgovore oziroma nasvete.<\/p>\n\n<h3 class=\"wp-block-heading\">Odgovornost za to\u010dnost podatkov in pravilnost ter zanesljivost odgovorov oziroma nasvetov na spletnem mestu.<\/h3>\n\n<p><strong><u>Ni\u010desar na tem spletnem mestu ne smete razumeti oziroma uporabiti kot pravni nasvet ali pravno mnenje.<\/u><\/strong><\/p>\n\n<p><strong>To spletno mesto in informacije na njem ponujamo na brezpla\u010dni osnovi in po najbolj\u0161ih mo\u010deh. Zaradi hitro spreminjajo\u010dih se predpisov in razmer obiskovalcem na\u0161ega spletnega mesta ne jam\u010dimo, da so podatki na na\u0161em spletnem mestu vedno to\u010dni, posredovani odgovori oziroma nasveti pa pravilni in zanesljivi. Za to\u010dnost podatkov in zanesljivost ponujenih odgovorov ter nasvetov posledi\u010dno <u>ne odgovarjamo<\/u>.<\/strong><\/p>\n\n<h3 class=\"wp-block-heading\">Odgovornost za ravnanja in informacije tretjih oseb.<\/h3>\n\n<p>Ne upravljamo in ne odgovarjamo za informacije, ki nam jih posredujejo tretje osebe in so obiskovalcu dostopne preko na\u0161ega spletnega mesta.<\/p>\n\n<p>Prav tako ne nudimo jamstev v zvezi s tem, da bodo dr\u017eavni organi, javne institucije oziroma tretje osebe ravnale oziroma bile dol\u017ene ravnati na na\u010din, kot ste ga morda pri\u010dakovali na podlagi informacij, podatkov oziroma nasvetov z na\u0161ega spletnega mesta.<\/p>\n\n<h3 class=\"wp-block-heading\">Odgovornost za spremembe, zadr\u017eanje delovanja in ukinitev spletnega mesta.<\/h3>\n\n<p>Trudimo si zagotavljati neprekinjen, nemoten in varen dostopa do na\u0161ega spletnega mesta, vendar to lahko ovirajo \u0161tevilni dejavniki, ki niso pod na\u0161im nadzorom. Posledi\u010dno obiskovalcem spletnega mesta ne odgovarjamo v zvezi z zadr\u017eanim delovanjem spletnega mesta, njegovim spreminjanjem ali ukinitvijo.<\/p>\n\n<h3 class=\"wp-block-heading\">Avtorske pravice in lastni\u0161tvo nad intelektualno lastnino.<\/h3>\n\n<p>Programska oprema in spletno mesto, vklju\u010dno z vsemi besedili, grafikami, logotipi, gumbi, slikami, avdio posnetki in ra\u010dunalni\u0161kimi programi, so izklju\u010dna last ponudnika oziroma njegovih partnerjev.<\/p>\n\n<p>Z avtorsko pravico so prav tako za\u0161\u010ditene vse podatkovne zbirke (kar vklju\u010duje izbor, urejanost in sestavljenost), do katerih lahko dostopate na na\u0161em spletnem mestu.<\/p>\n\n<p><strong><u>Vsakr\u0161no nepoobla\u0161\u010deno razmno\u017eevanje, spreminjanje, distribucija, prenos, ponovna objava, prikazovanje ali izvajanje programske opreme oziroma vsebin na spletnem mestu je strogo prepovedano.<\/u><\/strong><\/p>\n\n<h3 class=\"wp-block-heading\">Dovoljena uporaba. <\/h3>\n\n<p>Tega spletnega mesta ni dovoljeno uporabljati druga\u010de, kot za naslednje zasebne in nekomercialne namene: (i) ogledovanje tega spletnega mesta; (ii) interakcija z vpra\u0161alniki, interaktivnimi obrazci in drugimi spletnimi orodji spletnega mesta, (iii) deljenje in objava povezave do tega spletnega mesta. <\/p>\n\n<p><strong><u>Uporaba avtomatiziranih sistemov ali programske opreme za \u010drpanje podatkov s tega spletnega mesta v komercialne namene (\u00bbscreen scraping\u00ab) je strogo prepovedana.<\/u><\/strong><\/p>\n\n<h3 class=\"wp-block-heading\">Veljavnost in spreminjanje teh splo\u0161nih pogojev<\/h3>\n\n<p>Te splo\u0161ni pogoji pri\u010dnejo veljati na dan 14. 1. 2021 in veljajo do njihovega umika oziroma spremembe.Te splo\u0161ni pogoji se lahko ob\u010dasno spremenijo, o \u010demer bomo na spletnem mestu pravo\u010dasno objavili novico.<\/p>\n<\/div><!-- .vgblk-rw-wrapper -->","protected":false},"excerpt":{"rendered":"<p>Splo\u0161ni pogoji uporabe spletnega mesta. Uvod Obiskovalec spletnega mesta z obiskom oziroma navigacijo po spletnem mestu, konkludentno pristaja na spo\u0161tovanje teh splo\u0161nih pogojev. Pred uporabo spletnega mesta je potrebno skrbno preberati te splo\u0161ne pogoje. V primeru morebitnih vpra\u0161anj, se lahko obrnete na naslov na\u0161e elektronske po\u0161te. \u010ce se s temi splo\u0161nimi pogoji ne strinjate, ste&#8230;<\/p>\n","protected":false},"author":1,"featured_media":0,"parent":0,"menu_order":0,"comment_status":"closed","ping_status":"closed","template":"","meta":{"inline_featured_image":false,"footnotes":""},"class_list":["post-988245","page","type-page","status-publish","hentry"],"yoast_head":"<!-- This site is optimized with the Yoast SEO plugin v25.3 - https:\/\/yoast.com\/wordpress\/plugins\/seo\/ -->\n<title>Splo\u0161ni pogoji poslovanja - SEG Koper<\/title>\n<meta name=\"robots\" content=\"index, follow, max-snippet:-1, max-image-preview:large, max-video-preview:-1\" \/>\n<link rel=\"canonical\" href=\"https:\/\/seg.si\/sl\/terms-conditions\/\" \/>\n<meta property=\"og:locale\" content=\"sl_SI\" \/>\n<meta property=\"og:type\" content=\"article\" \/>\n<meta property=\"og:title\" content=\"Splo\u0161ni pogoji poslovanja - SEG Koper\" \/>\n<meta property=\"og:description\" content=\"Splo\u0161ni pogoji uporabe spletnega mesta. Uvod Obiskovalec spletnega mesta z obiskom oziroma navigacijo po spletnem mestu, konkludentno pristaja na spo\u0161tovanje teh splo\u0161nih pogojev. Pred uporabo spletnega mesta je potrebno skrbno preberati te splo\u0161ne pogoje. V primeru morebitnih vpra\u0161anj, se lahko obrnete na naslov na\u0161e elektronske po\u0161te. \u010ce se s temi splo\u0161nimi pogoji ne strinjate, ste...\" \/>\n<meta property=\"og:url\" content=\"https:\/\/seg.si\/sl\/terms-conditions\/\" \/>\n<meta property=\"og:site_name\" content=\"SEG Koper\" \/>\n<meta property=\"article:modified_time\" content=\"2022-02-01T12:02:58+00:00\" \/>\n<meta name=\"twitter:card\" content=\"summary_large_image\" \/>\n<meta name=\"twitter:label1\" content=\"Est. reading time\" \/>\n\t<meta name=\"twitter:data1\" content=\"3 minute\" \/>\n<script type=\"application\/ld+json\" class=\"yoast-schema-graph\">{\"@context\":\"https:\/\/schema.org\",\"@graph\":[{\"@type\":\"WebPage\",\"@id\":\"https:\/\/seg.si\/sl\/terms-conditions\/\",\"url\":\"https:\/\/seg.si\/sl\/terms-conditions\/\",\"name\":\"Splo\u0161ni pogoji poslovanja - SEG Koper\",\"isPartOf\":{\"@id\":\"https:\/\/seg.si\/#website\"},\"datePublished\":\"2022-01-16T12:57:15+00:00\",\"dateModified\":\"2022-02-01T12:02:58+00:00\",\"breadcrumb\":{\"@id\":\"https:\/\/seg.si\/sl\/terms-conditions\/#breadcrumb\"},\"inLanguage\":\"sl-SI\",\"potentialAction\":[{\"@type\":\"ReadAction\",\"target\":[\"https:\/\/seg.si\/sl\/terms-conditions\/\"]}]},{\"@type\":\"BreadcrumbList\",\"@id\":\"https:\/\/seg.si\/sl\/terms-conditions\/#breadcrumb\",\"itemListElement\":[{\"@type\":\"ListItem\",\"position\":1,\"name\":\"Home\",\"item\":\"https:\/\/seg.si\/sl\/\"},{\"@type\":\"ListItem\",\"position\":2,\"name\":\"Splo\u0161ni pogoji poslovanja\"}]},{\"@type\":\"WebSite\",\"@id\":\"https:\/\/seg.si\/#website\",\"url\":\"https:\/\/seg.si\/\",\"name\":\"SEG Koper\",\"description\":\"\",\"publisher\":{\"@id\":\"https:\/\/seg.si\/#organization\"},\"potentialAction\":[{\"@type\":\"SearchAction\",\"target\":{\"@type\":\"EntryPoint\",\"urlTemplate\":\"https:\/\/seg.si\/?s={search_term_string}\"},\"query-input\":{\"@type\":\"PropertyValueSpecification\",\"valueRequired\":true,\"valueName\":\"search_term_string\"}}],\"inLanguage\":\"sl-SI\"},{\"@type\":\"Organization\",\"@id\":\"https:\/\/seg.si\/#organization\",\"name\":\"SEG Koper\",\"url\":\"https:\/\/seg.si\/\",\"logo\":{\"@type\":\"ImageObject\",\"inLanguage\":\"sl-SI\",\"@id\":\"https:\/\/seg.si\/#\/schema\/logo\/image\/\",\"url\":\"https:\/\/seg.si\/wp-content\/uploads\/2021\/12\/cover-new-Facebook.jpg\",\"contentUrl\":\"https:\/\/seg.si\/wp-content\/uploads\/2021\/12\/cover-new-Facebook.jpg\",\"width\":1844,\"height\":544,\"caption\":\"SEG Koper\"},\"image\":{\"@id\":\"https:\/\/seg.si\/#\/schema\/logo\/image\/\"}}]}<\/script>\n<!-- \/ Yoast SEO plugin. -->","yoast_head_json":{"title":"Splo\u0161ni pogoji poslovanja - SEG Koper","robots":{"index":"index","follow":"follow","max-snippet":"max-snippet:-1","max-image-preview":"max-image-preview:large","max-video-preview":"max-video-preview:-1"},"canonical":"https:\/\/seg.si\/sl\/terms-conditions\/","og_locale":"sl_SI","og_type":"article","og_title":"Splo\u0161ni pogoji poslovanja - SEG Koper","og_description":"Splo\u0161ni pogoji uporabe spletnega mesta. Uvod Obiskovalec spletnega mesta z obiskom oziroma navigacijo po spletnem mestu, konkludentno pristaja na spo\u0161tovanje teh splo\u0161nih pogojev. Pred uporabo spletnega mesta je potrebno skrbno preberati te splo\u0161ne pogoje. V primeru morebitnih vpra\u0161anj, se lahko obrnete na naslov na\u0161e elektronske po\u0161te. \u010ce se s temi splo\u0161nimi pogoji ne strinjate, ste...","og_url":"https:\/\/seg.si\/sl\/terms-conditions\/","og_site_name":"SEG Koper","article_modified_time":"2022-02-01T12:02:58+00:00","twitter_card":"summary_large_image","twitter_misc":{"Est. reading time":"3 minute"},"schema":{"@context":"https:\/\/schema.org","@graph":[{"@type":"WebPage","@id":"https:\/\/seg.si\/sl\/terms-conditions\/","url":"https:\/\/seg.si\/sl\/terms-conditions\/","name":"Splo\u0161ni pogoji poslovanja - SEG Koper","isPartOf":{"@id":"https:\/\/seg.si\/#website"},"datePublished":"2022-01-16T12:57:15+00:00","dateModified":"2022-02-01T12:02:58+00:00","breadcrumb":{"@id":"https:\/\/seg.si\/sl\/terms-conditions\/#breadcrumb"},"inLanguage":"sl-SI","potentialAction":[{"@type":"ReadAction","target":["https:\/\/seg.si\/sl\/terms-conditions\/"]}]},{"@type":"BreadcrumbList","@id":"https:\/\/seg.si\/sl\/terms-conditions\/#breadcrumb","itemListElement":[{"@type":"ListItem","position":1,"name":"Home","item":"https:\/\/seg.si\/sl\/"},{"@type":"ListItem","position":2,"name":"Splo\u0161ni pogoji poslovanja"}]},{"@type":"WebSite","@id":"https:\/\/seg.si\/#website","url":"https:\/\/seg.si\/","name":"SEG Koper","description":"","publisher":{"@id":"https:\/\/seg.si\/#organization"},"potentialAction":[{"@type":"SearchAction","target":{"@type":"EntryPoint","urlTemplate":"https:\/\/seg.si\/?s={search_term_string}"},"query-input":{"@type":"PropertyValueSpecification","valueRequired":true,"valueName":"search_term_string"}}],"inLanguage":"sl-SI"},{"@type":"Organization","@id":"https:\/\/seg.si\/#organization","name":"SEG Koper","url":"https:\/\/seg.si\/","logo":{"@type":"ImageObject","inLanguage":"sl-SI","@id":"https:\/\/seg.si\/#\/schema\/logo\/image\/","url":"https:\/\/seg.si\/wp-content\/uploads\/2021\/12\/cover-new-Facebook.jpg","contentUrl":"https:\/\/seg.si\/wp-content\/uploads\/2021\/12\/cover-new-Facebook.jpg","width":1844,"height":544,"caption":"SEG Koper"},"image":{"@id":"https:\/\/seg.si\/#\/schema\/logo\/image\/"}}]}},"_links":{"self":[{"href":"https:\/\/seg.si\/sl\/wp-json\/wp\/v2\/pages\/988245","targetHints":{"allow":["GET"]}}],"collection":[{"href":"https:\/\/seg.si\/sl\/wp-json\/wp\/v2\/pages"}],"about":[{"href":"https:\/\/seg.si\/sl\/wp-json\/wp\/v2\/types\/page"}],"author":[{"embeddable":true,"href":"https:\/\/seg.si\/sl\/wp-json\/wp\/v2\/users\/1"}],"replies":[{"embeddable":true,"href":"https:\/\/seg.si\/sl\/wp-json\/wp\/v2\/comments?post=988245"}],"version-history":[{"count":0,"href":"https:\/\/seg.si\/sl\/wp-json\/wp\/v2\/pages\/988245\/revisions"}],"wp:attachment":[{"href":"https:\/\/seg.si\/sl\/wp-json\/wp\/v2\/media?parent=988245"}],"curies":[{"name":"wp","href":"https:\/\/api.w.org\/{rel}","templated":true}]}}